{"id":12605,"date":"2025-06-04T17:29:08","date_gmt":"2025-06-04T15:29:08","guid":{"rendered":"https:\/\/landgoedleudal.nl\/blog\/"},"modified":"2025-09-28T22:48:17","modified_gmt":"2025-09-28T20:48:17","slug":"blog","status":"publish","type":"page","link":"https:\/\/landgoedleudal.nl\/de\/blog\/","title":{"rendered":"Blog"},"content":{"rendered":"\t\t<div data-elementor-type=\"wp-page\" data-elementor-id=\"12605\" class=\"elementor elementor-12605 elementor-12603\" data-elementor-post-type=\"page\">\n\t\t\t\t<div class=\"elementor-element elementor-element-9811fb9 e-flex e-con-boxed e-con e-parent\" data-id=\"9811fb9\" data-element_type=\"container\" data-e-type=\"container\">\n\t\t\t\t\t<div class=\"e-con-inner\">\n\t\t\t\t<div class=\"elementor-element elementor-element-05ffc0b elementor-grid-3 elementor-grid-tablet-2 elementor-grid-mobile-1 elementor-posts--thumbnail-top elementor-posts--show-avatar elementor-card-shadow-yes elementor-posts__hover-gradient elementor-widget elementor-widget-posts\" data-id=\"05ffc0b\" data-element_type=\"widget\" data-e-type=\"widget\" data-settings=\"{&quot;cards_columns&quot;:&quot;3&quot;,&quot;cards_columns_tablet&quot;:&quot;2&quot;,&quot;cards_columns_mobile&quot;:&quot;1&quot;,&quot;cards_row_gap&quot;:{&quot;unit&quot;:&quot;px&quot;,&quot;size&quot;:35,&quot;sizes&quot;:[]},&quot;cards_row_gap_tablet&quot;:{&quot;unit&quot;:&quot;px&quot;,&quot;size&quot;:&quot;&quot;,&quot;sizes&quot;:[]},&quot;cards_row_gap_mobile&quot;:{&quot;unit&quot;:&quot;px&quot;,&quot;size&quot;:&quot;&quot;,&quot;sizes&quot;:[]}}\" data-widget_type=\"posts.cards\">\n\t\t\t\t<div class=\"elementor-widget-container\">\n\t\t\t\t\t\t\t<div class=\"elementor-posts-container elementor-posts elementor-posts--skin-cards elementor-grid\" role=\"list\">\n\t\t\t\t<article class=\"elementor-post elementor-grid-item post-17018 post type-post status-publish format-standard has-post-thumbnail hentry\" role=\"listitem\">\n\t\t\t<div class=\"elementor-post__card\">\n\t\t\t\t<a class=\"elementor-post__thumbnail__link\" href=\"https:\/\/landgoedleudal.nl\/de\/unkategorisiert\/gruppe-lanch-im-vogelnest-zusammenkommen-in-frieden\/\" tabindex=\"-1\" ><div class=\"elementor-post__thumbnail\"><img fetchpriority=\"high\" decoding=\"async\" width=\"300\" height=\"200\" src=\"https:\/\/landgoedleudal.nl\/wp-content\/uploads\/2025\/12\/Landgoed20Leudal-buiten-6-1765465743988-300x200.jpeg\" class=\"attachment-medium size-medium wp-image-17015\" alt=\"\" srcset=\"https:\/\/landgoedleudal.nl\/wp-content\/uploads\/2025\/12\/Landgoed20Leudal-buiten-6-1765465743988-300x200.jpeg 300w, https:\/\/landgoedleudal.nl\/wp-content\/uploads\/2025\/12\/Landgoed20Leudal-buiten-6-1765465743988-1024x683.jpeg 1024w, https:\/\/landgoedleudal.nl\/wp-content\/uploads\/2025\/12\/Landgoed20Leudal-buiten-6-1765465743988-768x512.jpeg 768w, https:\/\/landgoedleudal.nl\/wp-content\/uploads\/2025\/12\/Landgoed20Leudal-buiten-6-1765465743988-1536x1024.jpeg 1536w, https:\/\/landgoedleudal.nl\/wp-content\/uploads\/2025\/12\/Landgoed20Leudal-buiten-6-1765465743988.jpeg 1600w\" sizes=\"(max-width: 300px) 100vw, 300px\" \/><\/div><\/a>\n\t\t\t\t<div class=\"elementor-post__avatar\">\n\t\t\t<img alt='Viktor' src='https:\/\/secure.gravatar.com\/avatar\/616172b6d4942d8b1f89ebe23e0217b3d43f837523ba6282b9de077db63c0e8d?s=128&#038;d=mm&#038;r=g' srcset='https:\/\/secure.gravatar.com\/avatar\/616172b6d4942d8b1f89ebe23e0217b3d43f837523ba6282b9de077db63c0e8d?s=256&#038;d=mm&#038;r=g 2x' class='avatar avatar-128 photo' height='128' width='128' \/>\t\t<\/div>\n\t\t\t\t<div class=\"elementor-post__text\">\n\t\t\t\t<h3 class=\"elementor-post__title\">\n\t\t\t<a href=\"https:\/\/landgoedleudal.nl\/de\/unkategorisiert\/gruppe-lanch-im-vogelnest-zusammenkommen-in-frieden\/\" >\n\t\t\t\tGruppe Lanch im Vogelnest: Zusammenkommen in Frieden\t\t\t<\/a>\n\t\t<\/h3>\n\t\t\t\t<div class=\"elementor-post__excerpt\">\n\t\t\t<p>Lanch-Gruppe im Vogelnest: Zusammenkommen in FriedenSechzig Lanch-Kollegen aus ganz Deutschland versammelten sich Anfang September in Landgoed Leudal zu ihrem Ha&#8230;<\/p>\n\t\t<\/div>\n\t\t\n\t\t<a class=\"elementor-post__read-more\" href=\"https:\/\/landgoedleudal.nl\/de\/unkategorisiert\/gruppe-lanch-im-vogelnest-zusammenkommen-in-frieden\/\" aria-label=\"Mehr \u00fcber Gruppe Lanch im Vogelnest: Zusammenkommen in Frieden\" tabindex=\"-1\" >\n\t\t\tMehr lesen \"\t\t<\/a>\n\n\t\t\t\t<\/div>\n\t\t\t\t<div class=\"elementor-post__meta-data\">\n\t\t\t\t\t<span class=\"elementor-post-date\">\n\t\t\t11. Dezember 2025\t\t<\/span>\n\t\t\t\t<span class=\"elementor-post-avatar\">\n\t\t\tKeine Kommentare\t\t<\/span>\n\t\t\t\t<\/div>\n\t\t\t\t\t<\/div>\n\t\t<\/article>\n\t\t\t\t<article class=\"elementor-post elementor-grid-item post-16940 post type-post status-publish format-standard has-post-thumbnail hentry category-landged-leudal-de\" role=\"listitem\">\n\t\t\t<div class=\"elementor-post__card\">\n\t\t\t\t<a class=\"elementor-post__thumbnail__link\" href=\"https:\/\/landgoedleudal.nl\/de\/landged-leudal-de\/landgoed-leudal-als-toplocatie-voor-vergaderingen-vergaderen-midden-in-de-natuur-2\/\" tabindex=\"-1\" ><div class=\"elementor-post__thumbnail\"><img decoding=\"async\" width=\"300\" height=\"169\" src=\"https:\/\/landgoedleudal.nl\/wp-content\/uploads\/2025\/11\/Landgoed-Leudal-festival-1764067873665-300x169.png\" class=\"attachment-medium size-medium wp-image-16937\" alt=\"\" srcset=\"https:\/\/landgoedleudal.nl\/wp-content\/uploads\/2025\/11\/Landgoed-Leudal-festival-1764067873665-300x169.png 300w, https:\/\/landgoedleudal.nl\/wp-content\/uploads\/2025\/11\/Landgoed-Leudal-festival-1764067873665-1024x575.png 1024w, https:\/\/landgoedleudal.nl\/wp-content\/uploads\/2025\/11\/Landgoed-Leudal-festival-1764067873665-768x431.png 768w, https:\/\/landgoedleudal.nl\/wp-content\/uploads\/2025\/11\/Landgoed-Leudal-festival-1764067873665.png 1200w\" sizes=\"(max-width: 300px) 100vw, 300px\" \/><\/div><\/a>\n\t\t\t\t<div class=\"elementor-post__badge\">Landged Leudal<\/div>\n\t\t\t\t<div class=\"elementor-post__avatar\">\n\t\t\t<img alt='Viktor' src='https:\/\/secure.gravatar.com\/avatar\/616172b6d4942d8b1f89ebe23e0217b3d43f837523ba6282b9de077db63c0e8d?s=128&#038;d=mm&#038;r=g' srcset='https:\/\/secure.gravatar.com\/avatar\/616172b6d4942d8b1f89ebe23e0217b3d43f837523ba6282b9de077db63c0e8d?s=256&#038;d=mm&#038;r=g 2x' class='avatar avatar-128 photo' height='128' width='128' \/>\t\t<\/div>\n\t\t\t\t<div class=\"elementor-post__text\">\n\t\t\t\t<h3 class=\"elementor-post__title\">\n\t\t\t<a href=\"https:\/\/landgoedleudal.nl\/de\/landged-leudal-de\/landgoed-leudal-als-toplocatie-voor-vergaderingen-vergaderen-midden-in-de-natuur-2\/\" >\n\t\t\t\tLandgoed Leudal als toplocatie voor vergaderingen: Vergaderen midden in de natuur\t\t\t<\/a>\n\t\t<\/h3>\n\t\t\t\t<div class=\"elementor-post__excerpt\">\n\t\t\t<p>\u201eDie Natur ist nicht nur Kulisse, sondern eine Inspirationsquelle.<\/p>\n\t\t<\/div>\n\t\t\n\t\t<a class=\"elementor-post__read-more\" href=\"https:\/\/landgoedleudal.nl\/de\/landged-leudal-de\/landgoed-leudal-als-toplocatie-voor-vergaderingen-vergaderen-midden-in-de-natuur-2\/\" aria-label=\"Mehr \u00fcber Landgoed Leudal als toplocatie voor vergaderingen: Vergaderen midden in de natuur\" tabindex=\"-1\" >\n\t\t\tMehr lesen \"\t\t<\/a>\n\n\t\t\t\t<\/div>\n\t\t\t\t<div class=\"elementor-post__meta-data\">\n\t\t\t\t\t<span class=\"elementor-post-date\">\n\t\t\t25. November 2025\t\t<\/span>\n\t\t\t\t<span class=\"elementor-post-avatar\">\n\t\t\tKeine Kommentare\t\t<\/span>\n\t\t\t\t<\/div>\n\t\t\t\t\t<\/div>\n\t\t<\/article>\n\t\t\t\t<article class=\"elementor-post elementor-grid-item post-16721 post type-post status-publish format-standard has-post-thumbnail hentry\" role=\"listitem\">\n\t\t\t<div class=\"elementor-post__card\">\n\t\t\t\t<a class=\"elementor-post__thumbnail__link\" href=\"https:\/\/landgoedleudal.nl\/de\/unkategorisiert\/so-sammeln-sie-wertvolles-feedback-von-ihren-gasten-innovation-auf-landgoed-leudal\/\" tabindex=\"-1\" ><div class=\"elementor-post__thumbnail\"><img decoding=\"async\" width=\"300\" height=\"225\" src=\"https:\/\/landgoedleudal.nl\/wp-content\/uploads\/2025\/11\/Landgoed20Leudal-teambuilding-1762876719777-300x225.jpeg\" class=\"attachment-medium size-medium wp-image-16718\" alt=\"\" srcset=\"https:\/\/landgoedleudal.nl\/wp-content\/uploads\/2025\/11\/Landgoed20Leudal-teambuilding-1762876719777-300x225.jpeg 300w, https:\/\/landgoedleudal.nl\/wp-content\/uploads\/2025\/11\/Landgoed20Leudal-teambuilding-1762876719777-1024x769.jpeg 1024w, https:\/\/landgoedleudal.nl\/wp-content\/uploads\/2025\/11\/Landgoed20Leudal-teambuilding-1762876719777-768x576.jpeg 768w, https:\/\/landgoedleudal.nl\/wp-content\/uploads\/2025\/11\/Landgoed20Leudal-teambuilding-1762876719777-1536x1153.jpeg 1536w, https:\/\/landgoedleudal.nl\/wp-content\/uploads\/2025\/11\/Landgoed20Leudal-teambuilding-1762876719777.jpeg 1600w\" sizes=\"(max-width: 300px) 100vw, 300px\" \/><\/div><\/a>\n\t\t\t\t<div class=\"elementor-post__avatar\">\n\t\t\t<img alt='Viktor' src='https:\/\/secure.gravatar.com\/avatar\/616172b6d4942d8b1f89ebe23e0217b3d43f837523ba6282b9de077db63c0e8d?s=128&#038;d=mm&#038;r=g' srcset='https:\/\/secure.gravatar.com\/avatar\/616172b6d4942d8b1f89ebe23e0217b3d43f837523ba6282b9de077db63c0e8d?s=256&#038;d=mm&#038;r=g 2x' class='avatar avatar-128 photo' height='128' width='128' \/>\t\t<\/div>\n\t\t\t\t<div class=\"elementor-post__text\">\n\t\t\t\t<h3 class=\"elementor-post__title\">\n\t\t\t<a href=\"https:\/\/landgoedleudal.nl\/de\/unkategorisiert\/so-sammeln-sie-wertvolles-feedback-von-ihren-gasten-innovation-auf-landgoed-leudal\/\" >\n\t\t\t\tSo sammeln Sie wertvolles Feedback von Ihren G\u00e4sten: Innovation auf Landgoed Leudal\t\t\t<\/a>\n\t\t<\/h3>\n\t\t\t\t<div class=\"elementor-post__excerpt\">\n\t\t\t<p>Haben Sie schon einmal das alte Sprichwort geh\u00f6rt: &#8218;Wer nicht zuh\u00f6rt, verpasst die sch\u00f6nsten Geschichten&#8216;? In der Hospitality-Branche ist das aktueller denn je.<\/p>\n\t\t<\/div>\n\t\t\n\t\t<a class=\"elementor-post__read-more\" href=\"https:\/\/landgoedleudal.nl\/de\/unkategorisiert\/so-sammeln-sie-wertvolles-feedback-von-ihren-gasten-innovation-auf-landgoed-leudal\/\" aria-label=\"Mehr \u00fcber So sammeln Sie wertvolles Feedback von Ihren G\u00e4sten: Innovation auf Landgoed Leudal\" tabindex=\"-1\" >\n\t\t\tMehr lesen \"\t\t<\/a>\n\n\t\t\t\t<\/div>\n\t\t\t\t<div class=\"elementor-post__meta-data\">\n\t\t\t\t\t<span class=\"elementor-post-date\">\n\t\t\t11. November 2025\t\t<\/span>\n\t\t\t\t<span class=\"elementor-post-avatar\">\n\t\t\tKeine Kommentare\t\t<\/span>\n\t\t\t\t<\/div>\n\t\t\t\t\t<\/div>\n\t\t<\/article>\n\t\t\t\t<article class=\"elementor-post elementor-grid-item post-16641 post type-post status-publish format-standard has-post-thumbnail hentry\" role=\"listitem\">\n\t\t\t<div class=\"elementor-post__card\">\n\t\t\t\t<a class=\"elementor-post__thumbnail__link\" href=\"https:\/\/landgoedleudal.nl\/de\/unkategorisiert\/warum-entscheiden-sich-immer-mehr-reisende-fuer-nachhaltige-unterkuenfte\/\" tabindex=\"-1\" ><div class=\"elementor-post__thumbnail\"><img loading=\"lazy\" decoding=\"async\" width=\"300\" height=\"200\" src=\"https:\/\/landgoedleudal.nl\/wp-content\/uploads\/2025\/11\/Landgoed20Leudal-buiten-3-1762444433151-300x200.jpeg\" class=\"attachment-medium size-medium wp-image-16638\" alt=\"\" srcset=\"https:\/\/landgoedleudal.nl\/wp-content\/uploads\/2025\/11\/Landgoed20Leudal-buiten-3-1762444433151-300x200.jpeg 300w, https:\/\/landgoedleudal.nl\/wp-content\/uploads\/2025\/11\/Landgoed20Leudal-buiten-3-1762444433151-1024x683.jpeg 1024w, https:\/\/landgoedleudal.nl\/wp-content\/uploads\/2025\/11\/Landgoed20Leudal-buiten-3-1762444433151-768x512.jpeg 768w, https:\/\/landgoedleudal.nl\/wp-content\/uploads\/2025\/11\/Landgoed20Leudal-buiten-3-1762444433151-1536x1024.jpeg 1536w, https:\/\/landgoedleudal.nl\/wp-content\/uploads\/2025\/11\/Landgoed20Leudal-buiten-3-1762444433151.jpeg 1600w\" sizes=\"(max-width: 300px) 100vw, 300px\" \/><\/div><\/a>\n\t\t\t\t<div class=\"elementor-post__avatar\">\n\t\t\t<img alt='Viktor' src='https:\/\/secure.gravatar.com\/avatar\/616172b6d4942d8b1f89ebe23e0217b3d43f837523ba6282b9de077db63c0e8d?s=128&#038;d=mm&#038;r=g' srcset='https:\/\/secure.gravatar.com\/avatar\/616172b6d4942d8b1f89ebe23e0217b3d43f837523ba6282b9de077db63c0e8d?s=256&#038;d=mm&#038;r=g 2x' class='avatar avatar-128 photo' height='128' width='128' \/>\t\t<\/div>\n\t\t\t\t<div class=\"elementor-post__text\">\n\t\t\t\t<h3 class=\"elementor-post__title\">\n\t\t\t<a href=\"https:\/\/landgoedleudal.nl\/de\/unkategorisiert\/warum-entscheiden-sich-immer-mehr-reisende-fuer-nachhaltige-unterkuenfte\/\" >\n\t\t\t\tWarum entscheiden sich immer mehr Reisende f\u00fcr nachhaltige Unterk\u00fcnfte?\t\t\t<\/a>\n\t\t<\/h3>\n\t\t\t\t<div class=\"elementor-post__excerpt\">\n\t\t\t<p>Immer mehr Reisende entscheiden sich f\u00fcr eine nachhaltige Unterkunft, weil sie eine runde Bauweise, eine energieneutrale Unterkunft und ein einzigartiges Naturerlebnis bieten.<\/p>\n\t\t<\/div>\n\t\t\n\t\t<a class=\"elementor-post__read-more\" href=\"https:\/\/landgoedleudal.nl\/de\/unkategorisiert\/warum-entscheiden-sich-immer-mehr-reisende-fuer-nachhaltige-unterkuenfte\/\" aria-label=\"Mehr \u00fcber Warum entscheiden sich immer mehr Reisende f\u00fcr nachhaltige Unterk\u00fcnfte?\" tabindex=\"-1\" >\n\t\t\tMehr lesen \"\t\t<\/a>\n\n\t\t\t\t<\/div>\n\t\t\t\t<div class=\"elementor-post__meta-data\">\n\t\t\t\t\t<span class=\"elementor-post-date\">\n\t\t\t5. November 2025\t\t<\/span>\n\t\t\t\t<span class=\"elementor-post-avatar\">\n\t\t\tKeine Kommentare\t\t<\/span>\n\t\t\t\t<\/div>\n\t\t\t\t\t<\/div>\n\t\t<\/article>\n\t\t\t\t<article class=\"elementor-post elementor-grid-item post-13464 post type-post status-publish format-standard has-post-thumbnail hentry category-landged-leudal-de\" role=\"listitem\">\n\t\t\t<div class=\"elementor-post__card\">\n\t\t\t\t<a class=\"elementor-post__thumbnail__link\" href=\"https:\/\/landgoedleudal.nl\/de\/landged-leudal-de\/bunte-hochzeit\/\" tabindex=\"-1\" ><div class=\"elementor-post__thumbnail\"><img loading=\"lazy\" decoding=\"async\" width=\"300\" height=\"225\" src=\"https:\/\/landgoedleudal.nl\/wp-content\/uploads\/2019\/08\/Het-ja-woord-op-Landgoed-Leudal-300x225.jpg\" class=\"attachment-medium size-medium wp-image-12892\" alt=\"Bruiloftlocatie in de open lucht - Landgoed Leudal\" srcset=\"https:\/\/landgoedleudal.nl\/wp-content\/uploads\/2019\/08\/Het-ja-woord-op-Landgoed-Leudal-300x225.jpg 300w, https:\/\/landgoedleudal.nl\/wp-content\/uploads\/2019\/08\/Het-ja-woord-op-Landgoed-Leudal-1024x768.jpg 1024w, https:\/\/landgoedleudal.nl\/wp-content\/uploads\/2019\/08\/Het-ja-woord-op-Landgoed-Leudal-768x576.jpg 768w, https:\/\/landgoedleudal.nl\/wp-content\/uploads\/2019\/08\/Het-ja-woord-op-Landgoed-Leudal-1536x1152.jpg 1536w, https:\/\/landgoedleudal.nl\/wp-content\/uploads\/2019\/08\/Het-ja-woord-op-Landgoed-Leudal-2048x1536.jpg 2048w, https:\/\/landgoedleudal.nl\/wp-content\/uploads\/2019\/08\/Het-ja-woord-op-Landgoed-Leudal-405x304.jpg 405w\" sizes=\"(max-width: 300px) 100vw, 300px\" \/><\/div><\/a>\n\t\t\t\t<div class=\"elementor-post__badge\">Landged Leudal<\/div>\n\t\t\t\t<div class=\"elementor-post__avatar\">\n\t\t\t<img alt='admin' src='https:\/\/secure.gravatar.com\/avatar\/cb2b2a521c328adcb04beb163fb25be301738946f9b6b0f5fbb9da484a61cbe9?s=128&#038;d=mm&#038;r=g' srcset='https:\/\/secure.gravatar.com\/avatar\/cb2b2a521c328adcb04beb163fb25be301738946f9b6b0f5fbb9da484a61cbe9?s=256&#038;d=mm&#038;r=g 2x' class='avatar avatar-128 photo' height='128' width='128' \/>\t\t<\/div>\n\t\t\t\t<div class=\"elementor-post__text\">\n\t\t\t\t<h3 class=\"elementor-post__title\">\n\t\t\t<a href=\"https:\/\/landgoedleudal.nl\/de\/landged-leudal-de\/bunte-hochzeit\/\" >\n\t\t\t\tBunte Hochzeit\t\t\t<\/a>\n\t\t<\/h3>\n\t\t\t\t<div class=\"elementor-post__excerpt\">\n\t\t\t<p>Wir leben in Rotterdam. Aber unsere Familie lebt \u00fcberall auf der Welt. Wir haben kapverdische Wurzeln. Und wir wissen besser als jeder andere, wie man<\/p>\n\t\t<\/div>\n\t\t\n\t\t<a class=\"elementor-post__read-more\" href=\"https:\/\/landgoedleudal.nl\/de\/landged-leudal-de\/bunte-hochzeit\/\" aria-label=\"Mehr \u00fcber Bunte Hochzeit\" tabindex=\"-1\" >\n\t\t\tMehr lesen \"\t\t<\/a>\n\n\t\t\t\t<\/div>\n\t\t\t\t<div class=\"elementor-post__meta-data\">\n\t\t\t\t\t<span class=\"elementor-post-date\">\n\t\t\t7. Juli 2025\t\t<\/span>\n\t\t\t\t<span class=\"elementor-post-avatar\">\n\t\t\tKeine Kommentare\t\t<\/span>\n\t\t\t\t<\/div>\n\t\t\t\t\t<\/div>\n\t\t<\/article>\n\t\t\t\t<article class=\"elementor-post elementor-grid-item post-13424 post type-post status-publish format-standard has-post-thumbnail hentry category-landged-leudal category-unkategorisiert\" role=\"listitem\">\n\t\t\t<div class=\"elementor-post__card\">\n\t\t\t\t<a class=\"elementor-post__thumbnail__link\" href=\"https:\/\/landgoedleudal.nl\/de\/unkategorisiert\/ein-tag-im-tagungszentrum-landgoed-leudal\/\" tabindex=\"-1\" ><div class=\"elementor-post__thumbnail\"><img loading=\"lazy\" decoding=\"async\" width=\"300\" height=\"195\" src=\"https:\/\/landgoedleudal.nl\/wp-content\/uploads\/2025\/07\/vergaderen-in-het-bos-300x195.jpg\" class=\"attachment-medium size-medium wp-image-13458\" alt=\"Vergaderen bij conferentieoord Landgoed Leudal\" srcset=\"https:\/\/landgoedleudal.nl\/wp-content\/uploads\/2025\/07\/vergaderen-in-het-bos-300x195.jpg 300w, https:\/\/landgoedleudal.nl\/wp-content\/uploads\/2025\/07\/vergaderen-in-het-bos-768x498.jpg 768w, https:\/\/landgoedleudal.nl\/wp-content\/uploads\/2025\/07\/vergaderen-in-het-bos-405x263.jpg 405w, https:\/\/landgoedleudal.nl\/wp-content\/uploads\/2025\/07\/vergaderen-in-het-bos.jpg 1000w\" sizes=\"(max-width: 300px) 100vw, 300px\" \/><\/div><\/a>\n\t\t\t\t<div class=\"elementor-post__badge\">Landged Leudal<\/div>\n\t\t\t\t<div class=\"elementor-post__avatar\">\n\t\t\t<img alt='admin' src='https:\/\/secure.gravatar.com\/avatar\/cb2b2a521c328adcb04beb163fb25be301738946f9b6b0f5fbb9da484a61cbe9?s=128&#038;d=mm&#038;r=g' srcset='https:\/\/secure.gravatar.com\/avatar\/cb2b2a521c328adcb04beb163fb25be301738946f9b6b0f5fbb9da484a61cbe9?s=256&#038;d=mm&#038;r=g 2x' class='avatar avatar-128 photo' height='128' width='128' \/>\t\t<\/div>\n\t\t\t\t<div class=\"elementor-post__text\">\n\t\t\t\t<h3 class=\"elementor-post__title\">\n\t\t\t<a href=\"https:\/\/landgoedleudal.nl\/de\/unkategorisiert\/ein-tag-im-tagungszentrum-landgoed-leudal\/\" >\n\t\t\t\tEin Tag im Tagungszentrum Landgoed Leudal\t\t\t<\/a>\n\t\t<\/h3>\n\t\t\t\t<div class=\"elementor-post__excerpt\">\n\t\t\t<p>So l\u00e4uft ein Retreat bei uns ab Jedes Team ist anders \u2013 deshalb verl\u00e4uft auch jedes Retreat bei Landgoed Leudal individuell. Unser R\u00fcckzugsort in der<\/p>\n\t\t<\/div>\n\t\t\n\t\t<a class=\"elementor-post__read-more\" href=\"https:\/\/landgoedleudal.nl\/de\/unkategorisiert\/ein-tag-im-tagungszentrum-landgoed-leudal\/\" aria-label=\"Mehr \u00fcber Ein Tag im Tagungszentrum Landgoed Leudal\" tabindex=\"-1\" >\n\t\t\tMehr lesen \"\t\t<\/a>\n\n\t\t\t\t<\/div>\n\t\t\t\t<div class=\"elementor-post__meta-data\">\n\t\t\t\t\t<span class=\"elementor-post-date\">\n\t\t\t7. Juli 2025\t\t<\/span>\n\t\t\t\t<span class=\"elementor-post-avatar\">\n\t\t\tKeine Kommentare\t\t<\/span>\n\t\t\t\t<\/div>\n\t\t\t\t\t<\/div>\n\t\t<\/article>\n\t\t\t\t<\/div>\n\t\t\n\t\t\t\t\t\t<\/div>\n\t\t\t\t<\/div>\n\t\t\t\t\t<\/div>\n\t\t\t\t<\/div>\n\t\t\t\t<\/div>\n\t\t","protected":false},"excerpt":{"rendered":"","protected":false},"author":6,"featured_media":0,"parent":0,"menu_order":0,"comment_status":"closed","ping_status":"closed","template":"elementor_header_footer","meta":{"footnotes":""},"class_list":["post-12605","page","type-page","status-publish","hentry"],"yoast_head":"<!-- This site is optimized with the Yoast SEO plugin v27.2 - https:\/\/yoast.com\/product\/yoast-seo-wordpress\/ -->\n<title>Blog - Landgoed Leudal<\/title>\n<meta name=\"description\" content=\"Lassen Sie sich von Geschichten, Tipps und Einsichten \u00fcber Natur, Frieden, Verbindung und Entwicklung auf Landgoed Leudal inspirieren.\" \/>\n<meta name=\"robots\" content=\"index, follow, max-snippet:-1, max-image-preview:large, max-video-preview:-1\" \/>\n<link rel=\"canonical\" href=\"https:\/\/landgoedleudal.nl\/de\/blog\/\" \/>\n<meta property=\"og:locale\" content=\"de_DE\" \/>\n<meta property=\"og:type\" content=\"article\" \/>\n<meta property=\"og:title\" content=\"Blog - Landgoed Leudal\" \/>\n<meta property=\"og:description\" content=\"Lassen Sie sich von Geschichten, Tipps und Einsichten \u00fcber Natur, Frieden, Verbindung und Entwicklung auf Landgoed Leudal inspirieren.\" \/>\n<meta property=\"og:url\" content=\"https:\/\/landgoedleudal.nl\/de\/blog\/\" \/>\n<meta property=\"og:site_name\" content=\"Conferentieoord Landgoed Leudal\" \/>\n<meta property=\"article:publisher\" content=\"https:\/\/www.facebook.com\/Landgoedleudalhaelen\/\" \/>\n<meta property=\"article:modified_time\" content=\"2025-09-28T20:48:17+00:00\" \/>\n<meta property=\"og:image\" content=\"https:\/\/landgoedleudal.nl\/wp-content\/uploads\/2024\/06\/leudal-logo-volledig.jpg\" \/>\n\t<meta property=\"og:image:width\" content=\"859\" \/>\n\t<meta property=\"og:image:height\" content=\"751\" \/>\n\t<meta property=\"og:image:type\" content=\"image\/jpeg\" \/>\n<meta name=\"twitter:card\" content=\"summary_large_image\" \/>\n<meta name=\"twitter:site\" content=\"@LLeudal\" \/>\n<script type=\"application\/ld+json\" class=\"yoast-schema-graph\">{\"@context\":\"https:\/\/schema.org\",\"@graph\":[{\"@type\":\"WebPage\",\"@id\":\"https:\/\/landgoedleudal.nl\/de\/blog\/\",\"url\":\"https:\/\/landgoedleudal.nl\/de\/blog\/\",\"name\":\"Blog - Landgoed Leudal\",\"isPartOf\":{\"@id\":\"https:\/\/landgoedleudal.nl\/de\/#website\"},\"datePublished\":\"2025-06-04T15:29:08+00:00\",\"dateModified\":\"2025-09-28T20:48:17+00:00\",\"description\":\"Lassen Sie sich von Geschichten, Tipps und Einsichten \u00fcber Natur, Frieden, Verbindung und Entwicklung auf Landgoed Leudal inspirieren.\",\"breadcrumb\":{\"@id\":\"https:\/\/landgoedleudal.nl\/de\/blog\/#breadcrumb\"},\"inLanguage\":\"de\",\"potentialAction\":[{\"@type\":\"ReadAction\",\"target\":[\"https:\/\/landgoedleudal.nl\/de\/blog\/\"]}]},{\"@type\":\"BreadcrumbList\",\"@id\":\"https:\/\/landgoedleudal.nl\/de\/blog\/#breadcrumb\",\"itemListElement\":[{\"@type\":\"ListItem\",\"position\":1,\"name\":\"Home\",\"item\":\"https:\/\/landgoedleudal.nl\/de\/\"},{\"@type\":\"ListItem\",\"position\":2,\"name\":\"Blog\"}]},{\"@type\":\"WebSite\",\"@id\":\"https:\/\/landgoedleudal.nl\/de\/#website\",\"url\":\"https:\/\/landgoedleudal.nl\/de\/\",\"name\":\"Landgoed Leudal\",\"description\":\"Leren en Recre\u00ebren in het groen\",\"potentialAction\":[{\"@type\":\"SearchAction\",\"target\":{\"@type\":\"EntryPoint\",\"urlTemplate\":\"https:\/\/landgoedleudal.nl\/de\/?s={search_term_string}\"},\"query-input\":{\"@type\":\"PropertyValueSpecification\",\"valueRequired\":true,\"valueName\":\"search_term_string\"}}],\"inLanguage\":\"de\"}]}<\/script>\n<!-- \/ Yoast SEO plugin. -->","yoast_head_json":{"title":"Blog - Landgoed Leudal","description":"Lassen Sie sich von Geschichten, Tipps und Einsichten \u00fcber Natur, Frieden, Verbindung und Entwicklung auf Landgoed Leudal inspirieren.","robots":{"index":"index","follow":"follow","max-snippet":"max-snippet:-1","max-image-preview":"max-image-preview:large","max-video-preview":"max-video-preview:-1"},"canonical":"https:\/\/landgoedleudal.nl\/de\/blog\/","og_locale":"de_DE","og_type":"article","og_title":"Blog - Landgoed Leudal","og_description":"Lassen Sie sich von Geschichten, Tipps und Einsichten \u00fcber Natur, Frieden, Verbindung und Entwicklung auf Landgoed Leudal inspirieren.","og_url":"https:\/\/landgoedleudal.nl\/de\/blog\/","og_site_name":"Conferentieoord Landgoed Leudal","article_publisher":"https:\/\/www.facebook.com\/Landgoedleudalhaelen\/","article_modified_time":"2025-09-28T20:48:17+00:00","og_image":[{"width":859,"height":751,"url":"https:\/\/landgoedleudal.nl\/wp-content\/uploads\/2024\/06\/leudal-logo-volledig.jpg","type":"image\/jpeg"}],"twitter_card":"summary_large_image","twitter_site":"@LLeudal","schema":{"@context":"https:\/\/schema.org","@graph":[{"@type":"WebPage","@id":"https:\/\/landgoedleudal.nl\/de\/blog\/","url":"https:\/\/landgoedleudal.nl\/de\/blog\/","name":"Blog - Landgoed Leudal","isPartOf":{"@id":"https:\/\/landgoedleudal.nl\/de\/#website"},"datePublished":"2025-06-04T15:29:08+00:00","dateModified":"2025-09-28T20:48:17+00:00","description":"Lassen Sie sich von Geschichten, Tipps und Einsichten \u00fcber Natur, Frieden, Verbindung und Entwicklung auf Landgoed Leudal inspirieren.","breadcrumb":{"@id":"https:\/\/landgoedleudal.nl\/de\/blog\/#breadcrumb"},"inLanguage":"de","potentialAction":[{"@type":"ReadAction","target":["https:\/\/landgoedleudal.nl\/de\/blog\/"]}]},{"@type":"BreadcrumbList","@id":"https:\/\/landgoedleudal.nl\/de\/blog\/#breadcrumb","itemListElement":[{"@type":"ListItem","position":1,"name":"Home","item":"https:\/\/landgoedleudal.nl\/de\/"},{"@type":"ListItem","position":2,"name":"Blog"}]},{"@type":"WebSite","@id":"https:\/\/landgoedleudal.nl\/de\/#website","url":"https:\/\/landgoedleudal.nl\/de\/","name":"Landgoed Leudal","description":"Leren en Recre\u00ebren in het groen","potentialAction":[{"@type":"SearchAction","target":{"@type":"EntryPoint","urlTemplate":"https:\/\/landgoedleudal.nl\/de\/?s={search_term_string}"},"query-input":{"@type":"PropertyValueSpecification","valueRequired":true,"valueName":"search_term_string"}}],"inLanguage":"de"}]}},"_links":{"self":[{"href":"https:\/\/landgoedleudal.nl\/de\/wp-json\/wp\/v2\/pages\/12605","targetHints":{"allow":["GET"]}}],"collection":[{"href":"https:\/\/landgoedleudal.nl\/de\/wp-json\/wp\/v2\/pages"}],"about":[{"href":"https:\/\/landgoedleudal.nl\/de\/wp-json\/wp\/v2\/types\/page"}],"author":[{"embeddable":true,"href":"https:\/\/landgoedleudal.nl\/de\/wp-json\/wp\/v2\/users\/6"}],"replies":[{"embeddable":true,"href":"https:\/\/landgoedleudal.nl\/de\/wp-json\/wp\/v2\/comments?post=12605"}],"version-history":[{"count":5,"href":"https:\/\/landgoedleudal.nl\/de\/wp-json\/wp\/v2\/pages\/12605\/revisions"}],"predecessor-version":[{"id":15078,"href":"https:\/\/landgoedleudal.nl\/de\/wp-json\/wp\/v2\/pages\/12605\/revisions\/15078"}],"wp:attachment":[{"href":"https:\/\/landgoedleudal.nl\/de\/wp-json\/wp\/v2\/media?parent=12605"}],"curies":[{"name":"wp","href":"https:\/\/api.w.org\/{rel}","templated":true}]}}