{"id":4373,"date":"2024-09-29T09:35:13","date_gmt":"2024-09-29T07:35:13","guid":{"rendered":"https:\/\/landgoedleudal.nl\/erholung-pflege\/"},"modified":"2025-09-28T23:35:27","modified_gmt":"2025-09-28T21:35:27","slug":"service-und-pflege","status":"publish","type":"page","link":"https:\/\/landgoedleudal.nl\/de\/service-und-pflege\/","title":{"rendered":"Pflege"},"content":{"rendered":"\t\t<div data-elementor-type=\"wp-page\" data-elementor-id=\"4373\" class=\"elementor elementor-4373 elementor-2673\" data-elementor-post-type=\"page\">\n\t\t\t\t<div class=\"elementor-element elementor-element-7ce1eed e-flex e-con-boxed e-con e-parent\" data-id=\"7ce1eed\" data-element_type=\"container\" data-e-type=\"container\">\n\t\t\t\t\t<div class=\"e-con-inner\">\n\t\t<div class=\"elementor-element elementor-element-ea83716 e-con-full e-flex e-con e-child\" data-id=\"ea83716\" data-element_type=\"container\" data-e-type=\"container\">\n\t\t\t\t<div class=\"elementor-element elementor-element-8369807 elementor-invisible elementor-widget elementor-widget-heading\" data-id=\"8369807\" data-element_type=\"widget\" data-e-type=\"widget\" data-settings=\"{&quot;_animation&quot;:&quot;slideInUp&quot;}\" data-widget_type=\"heading.default\">\n\t\t\t\t<div class=\"elementor-widget-container\">\n\t\t\t\t\t<h2 class=\"elementor-heading-title elementor-size-default\">Pflegeeinrichtungen<\/h2>\t\t\t\t<\/div>\n\t\t\t\t<\/div>\n\t\t\t\t<div class=\"elementor-element elementor-element-222c63d elementor-invisible elementor-widget elementor-widget-text-editor\" data-id=\"222c63d\" data-element_type=\"widget\" data-e-type=\"widget\" data-settings=\"{&quot;_animation&quot;:&quot;slideInUp&quot;}\" data-widget_type=\"text-editor.default\">\n\t\t\t\t<div class=\"elementor-widget-container\">\n\t\t\t\t\t\t\t\t\t<p>Barrierefreier Gruppenurlaub inmitten der Natur  <\/p><p>Landgoed Leudal liegt im Herzen der niederl\u00e4ndischen Provinz Limburg, eingebettet in das gleichnamige Naturschutzgebiet. Auf \u00fcber 800 Hektar erwarten Sie dichte W\u00e4lder, sanft m\u00e4andernde B\u00e4che, beeindruckende Sandabgrabungen und zahlreiche historische Wasserm\u00fchlen \u2013 einige davon sind \u00f6ffentlich zug\u00e4nglich und laden zum Erkunden ein. Unser GroepsHotel Leudal, ehemals ein Pflegeheim, wurde behutsam umgebaut. Viele der urspr\u00fcnglichen barrierefreien Einrichtungen wurden erhalten \u2013 ideal<br>f\u00fcr G\u00e4ste mit besonderen Anforderungen. <\/p><p>Urlaub mit Betreuung \u2013 komfortabel &amp; umsorgt <\/p><p>Das GroepsHotel Leudal bietet ma\u00dfgeschneiderte Aufenthalte f\u00fcr:<br><br>\u2022 Pflegegruppen<br>\u2022 Menschen mit k\u00f6rperlichen oder geistigen Einschr\u00e4nkungen<br>\u2022 \u00e4ltere G\u00e4ste und Senioren<br>\u2022 Familien mit pflegebed\u00fcrftigen Angeh\u00f6rigen<br><br>Unsere Unterkunft ist auf Barrierefreiheit und Sicherheit ausgelegt und bietet zugleich ein angenehmes, privates Ambiente. Auch gr\u00f6\u00dfere Gruppen aus Pflegeheimen oder Betreuungseinrichtungen finden hier die n\u00f6tige Infrastruktur \u2013 inklusive gro\u00dfz\u00fcgiger Gemeinschaftsbereiche und Freizeitangebote in der Umgebung.<br><br>Warum GroepsHotel Leudal?<br><br>\u2022 Ebenerdige Zug\u00e4nge und angepasste R\u00e4umlichkeiten<br>\u2022 Ruhige, naturnahe Lage mit vielf\u00e4ltigen Ausflugsm\u00f6glichkeiten<br>\u2022 Ein Ort, an dem Betreuung und Erholung Hand in Hand gehen <\/p><p>Ob f\u00fcr einen kurzen Aufenthalt oder einen l\u00e4ngeren Urlaub: Bei uns finden Betreuungsgruppen ein sicheres Zuhause auf Zeit \u2013 mit Herz und Verstand.<\/p>\t\t\t\t\t\t\t\t<\/div>\n\t\t\t\t<\/div>\n\t\t\t\t<\/div>\n\t\t<div class=\"elementor-element elementor-element-21f1b88 e-con-full e-flex e-con e-child\" data-id=\"21f1b88\" data-element_type=\"container\" data-e-type=\"container\">\n\t\t\t\t<div class=\"elementor-element elementor-element-8d41139 elementor-invisible elementor-widget elementor-widget-image\" data-id=\"8d41139\" data-element_type=\"widget\" data-e-type=\"widget\" data-settings=\"{&quot;_animation&quot;:&quot;slideInRight&quot;}\" data-widget_type=\"image.default\">\n\t\t\t\t<div class=\"elementor-widget-container\">\n\t\t\t\t\t\t\t\t\t\t\t\t\t\t\t<img fetchpriority=\"high\" decoding=\"async\" width=\"768\" height=\"512\" src=\"https:\/\/landgoedleudal.nl\/wp-content\/uploads\/2024\/06\/Leudal-gebouw-2-35-1024x683.jpg\" class=\"attachment-large size-large wp-image-4154\" alt=\"Landgoed Leudal met groepsaccommodaties midden in de natuur\" srcset=\"https:\/\/landgoedleudal.nl\/wp-content\/uploads\/2024\/06\/Leudal-gebouw-2-35-1024x683.jpg 1024w, https:\/\/landgoedleudal.nl\/wp-content\/uploads\/2024\/06\/Leudal-gebouw-2-35-300x200.jpg 300w, https:\/\/landgoedleudal.nl\/wp-content\/uploads\/2024\/06\/Leudal-gebouw-2-35-768x512.jpg 768w, https:\/\/landgoedleudal.nl\/wp-content\/uploads\/2024\/06\/Leudal-gebouw-2-35-1536x1024.jpg 1536w, https:\/\/landgoedleudal.nl\/wp-content\/uploads\/2024\/06\/Leudal-gebouw-2-35-2048x1365.jpg 2048w, https:\/\/landgoedleudal.nl\/wp-content\/uploads\/2024\/06\/Leudal-gebouw-2-35-405x270.jpg 405w\" sizes=\"(max-width: 768px) 100vw, 768px\" \/>\t\t\t\t\t\t\t\t\t\t\t\t\t\t\t<\/div>\n\t\t\t\t<\/div>\n\t\t\t\t<div class=\"elementor-element elementor-element-6dc2b38 elementor-invisible elementor-widget elementor-widget-image\" data-id=\"6dc2b38\" data-element_type=\"widget\" data-e-type=\"widget\" data-settings=\"{&quot;_animation&quot;:&quot;slideInRight&quot;}\" data-widget_type=\"image.default\">\n\t\t\t\t<div class=\"elementor-widget-container\">\n\t\t\t\t\t\t\t\t\t\t\t\t\t\t\t<img decoding=\"async\" width=\"768\" height=\"512\" src=\"https:\/\/landgoedleudal.nl\/wp-content\/uploads\/2024\/06\/Leudal-gebouw-2-36-1024x683.jpg\" class=\"attachment-large size-large wp-image-4156\" alt=\"Landgoed Leudal met groepsaccommodaties midden in de natuur\" srcset=\"https:\/\/landgoedleudal.nl\/wp-content\/uploads\/2024\/06\/Leudal-gebouw-2-36-1024x683.jpg 1024w, https:\/\/landgoedleudal.nl\/wp-content\/uploads\/2024\/06\/Leudal-gebouw-2-36-300x200.jpg 300w, https:\/\/landgoedleudal.nl\/wp-content\/uploads\/2024\/06\/Leudal-gebouw-2-36-768x512.jpg 768w, https:\/\/landgoedleudal.nl\/wp-content\/uploads\/2024\/06\/Leudal-gebouw-2-36-1536x1024.jpg 1536w, https:\/\/landgoedleudal.nl\/wp-content\/uploads\/2024\/06\/Leudal-gebouw-2-36-2048x1365.jpg 2048w, https:\/\/landgoedleudal.nl\/wp-content\/uploads\/2024\/06\/Leudal-gebouw-2-36-405x270.jpg 405w\" sizes=\"(max-width: 768px) 100vw, 768px\" \/>\t\t\t\t\t\t\t\t\t\t\t\t\t\t\t<\/div>\n\t\t\t\t<\/div>\n\t\t\t\t<\/div>\n\t\t\t\t\t<\/div>\n\t\t\t\t<\/div>\n\t\t\t\t<\/div>\n\t\t","protected":false},"excerpt":{"rendered":"<p>Pflegeeinrichtungen Barrierefreier Gruppenurlaub inmitten der Natur Landgoed Leudal liegt im Herzen der niederl\u00e4ndischen Provinz Limburg, eingebettet in das gleichnamige Naturschutzgebiet. Auf \u00fcber 800 Hektar erwarten Sie dichte W\u00e4lder, sanft m\u00e4andernde B\u00e4che, beeindruckende Sandabgrabungen und zahlreiche historische Wasserm\u00fchlen \u2013 einige davon sind \u00f6ffentlich zug\u00e4nglich und laden zum Erkunden ein. Unser GroepsHotel Leudal, ehemals ein Pflegeheim, wurde [&hellip;]<\/p>\n","protected":false},"author":6,"featured_media":0,"parent":0,"menu_order":0,"comment_status":"closed","ping_status":"closed","template":"template-full-width.php","meta":{"footnotes":""},"class_list":["post-4373","page","type-page","status-publish","hentry"],"yoast_head":"<!-- This site is optimized with the Yoast SEO plugin v27.2 - https:\/\/yoast.com\/product\/yoast-seo-wordpress\/ -->\n<title>Service und Pflege - Landgoed Leudal<\/title>\n<meta name=\"description\" content=\"Landgoed Leudal bietet rollstuhlgerechte Gruppenunterk\u00fcnfte, bei denen der Schwerpunkt auf Komfort, Ruhe und Betreuung liegt.\" \/>\n<meta name=\"robots\" content=\"index, follow, max-snippet:-1, max-image-preview:large, max-video-preview:-1\" \/>\n<link rel=\"canonical\" href=\"https:\/\/landgoedleudal.nl\/de\/service-und-pflege\/\" \/>\n<meta property=\"og:locale\" content=\"de_DE\" \/>\n<meta property=\"og:type\" content=\"article\" \/>\n<meta property=\"og:title\" content=\"Service und Pflege - Landgoed Leudal\" \/>\n<meta property=\"og:description\" content=\"Landgoed Leudal bietet rollstuhlgerechte Gruppenunterk\u00fcnfte, bei denen der Schwerpunkt auf Komfort, Ruhe und Betreuung liegt.\" \/>\n<meta property=\"og:url\" content=\"https:\/\/landgoedleudal.nl\/de\/service-und-pflege\/\" \/>\n<meta property=\"og:site_name\" content=\"Conferentieoord Landgoed Leudal\" \/>\n<meta property=\"article:publisher\" content=\"https:\/\/www.facebook.com\/Landgoedleudalhaelen\/\" \/>\n<meta property=\"article:modified_time\" content=\"2025-09-28T21:35:27+00:00\" \/>\n<meta property=\"og:image\" content=\"https:\/\/landgoedleudal.nl\/wp-content\/uploads\/2024\/06\/Leudal-gebouw-2-35-1024x683.jpg\" \/>\n<meta name=\"twitter:card\" content=\"summary_large_image\" \/>\n<meta name=\"twitter:site\" content=\"@LLeudal\" \/>\n<meta name=\"twitter:label1\" content=\"Gesch\u00e4tzte Lesezeit\" \/>\n\t<meta name=\"twitter:data1\" content=\"2\u00a0Minuten\" \/>\n<script type=\"application\/ld+json\" class=\"yoast-schema-graph\">{\"@context\":\"https:\/\/schema.org\",\"@graph\":[{\"@type\":\"WebPage\",\"@id\":\"https:\/\/landgoedleudal.nl\/de\/service-und-pflege\/\",\"url\":\"https:\/\/landgoedleudal.nl\/de\/service-und-pflege\/\",\"name\":\"Service und Pflege - Landgoed Leudal\",\"isPartOf\":{\"@id\":\"https:\/\/landgoedleudal.nl\/de\/#website\"},\"primaryImageOfPage\":{\"@id\":\"https:\/\/landgoedleudal.nl\/de\/service-und-pflege\/#primaryimage\"},\"image\":{\"@id\":\"https:\/\/landgoedleudal.nl\/de\/service-und-pflege\/#primaryimage\"},\"thumbnailUrl\":\"https:\/\/landgoedleudal.nl\/wp-content\/uploads\/2024\/06\/Leudal-gebouw-2-35-1024x683.jpg\",\"datePublished\":\"2024-09-29T07:35:13+00:00\",\"dateModified\":\"2025-09-28T21:35:27+00:00\",\"description\":\"Landgoed Leudal bietet rollstuhlgerechte Gruppenunterk\u00fcnfte, bei denen der Schwerpunkt auf Komfort, Ruhe und Betreuung liegt.\",\"breadcrumb\":{\"@id\":\"https:\/\/landgoedleudal.nl\/de\/service-und-pflege\/#breadcrumb\"},\"inLanguage\":\"de\",\"potentialAction\":[{\"@type\":\"ReadAction\",\"target\":[\"https:\/\/landgoedleudal.nl\/de\/service-und-pflege\/\"]}]},{\"@type\":\"ImageObject\",\"inLanguage\":\"de\",\"@id\":\"https:\/\/landgoedleudal.nl\/de\/service-und-pflege\/#primaryimage\",\"url\":\"https:\/\/landgoedleudal.nl\/wp-content\/uploads\/2024\/06\/Leudal-gebouw-2-35-1024x683.jpg\",\"contentUrl\":\"https:\/\/landgoedleudal.nl\/wp-content\/uploads\/2024\/06\/Leudal-gebouw-2-35-1024x683.jpg\"},{\"@type\":\"BreadcrumbList\",\"@id\":\"https:\/\/landgoedleudal.nl\/de\/service-und-pflege\/#breadcrumb\",\"itemListElement\":[{\"@type\":\"ListItem\",\"position\":1,\"name\":\"Home\",\"item\":\"https:\/\/landgoedleudal.nl\/de\/\"},{\"@type\":\"ListItem\",\"position\":2,\"name\":\"Pflege\"}]},{\"@type\":\"WebSite\",\"@id\":\"https:\/\/landgoedleudal.nl\/de\/#website\",\"url\":\"https:\/\/landgoedleudal.nl\/de\/\",\"name\":\"Landgoed Leudal\",\"description\":\"Leren en Recre\u00ebren in het groen\",\"potentialAction\":[{\"@type\":\"SearchAction\",\"target\":{\"@type\":\"EntryPoint\",\"urlTemplate\":\"https:\/\/landgoedleudal.nl\/de\/?s={search_term_string}\"},\"query-input\":{\"@type\":\"PropertyValueSpecification\",\"valueRequired\":true,\"valueName\":\"search_term_string\"}}],\"inLanguage\":\"de\"}]}<\/script>\n<!-- \/ Yoast SEO plugin. -->","yoast_head_json":{"title":"Service und Pflege - Landgoed Leudal","description":"Landgoed Leudal bietet rollstuhlgerechte Gruppenunterk\u00fcnfte, bei denen der Schwerpunkt auf Komfort, Ruhe und Betreuung liegt.","robots":{"index":"index","follow":"follow","max-snippet":"max-snippet:-1","max-image-preview":"max-image-preview:large","max-video-preview":"max-video-preview:-1"},"canonical":"https:\/\/landgoedleudal.nl\/de\/service-und-pflege\/","og_locale":"de_DE","og_type":"article","og_title":"Service und Pflege - Landgoed Leudal","og_description":"Landgoed Leudal bietet rollstuhlgerechte Gruppenunterk\u00fcnfte, bei denen der Schwerpunkt auf Komfort, Ruhe und Betreuung liegt.","og_url":"https:\/\/landgoedleudal.nl\/de\/service-und-pflege\/","og_site_name":"Conferentieoord Landgoed Leudal","article_publisher":"https:\/\/www.facebook.com\/Landgoedleudalhaelen\/","article_modified_time":"2025-09-28T21:35:27+00:00","og_image":[{"url":"https:\/\/landgoedleudal.nl\/wp-content\/uploads\/2024\/06\/Leudal-gebouw-2-35-1024x683.jpg","type":"","width":"","height":""}],"twitter_card":"summary_large_image","twitter_site":"@LLeudal","twitter_misc":{"Gesch\u00e4tzte Lesezeit":"2\u00a0Minuten"},"schema":{"@context":"https:\/\/schema.org","@graph":[{"@type":"WebPage","@id":"https:\/\/landgoedleudal.nl\/de\/service-und-pflege\/","url":"https:\/\/landgoedleudal.nl\/de\/service-und-pflege\/","name":"Service und Pflege - Landgoed Leudal","isPartOf":{"@id":"https:\/\/landgoedleudal.nl\/de\/#website"},"primaryImageOfPage":{"@id":"https:\/\/landgoedleudal.nl\/de\/service-und-pflege\/#primaryimage"},"image":{"@id":"https:\/\/landgoedleudal.nl\/de\/service-und-pflege\/#primaryimage"},"thumbnailUrl":"https:\/\/landgoedleudal.nl\/wp-content\/uploads\/2024\/06\/Leudal-gebouw-2-35-1024x683.jpg","datePublished":"2024-09-29T07:35:13+00:00","dateModified":"2025-09-28T21:35:27+00:00","description":"Landgoed Leudal bietet rollstuhlgerechte Gruppenunterk\u00fcnfte, bei denen der Schwerpunkt auf Komfort, Ruhe und Betreuung liegt.","breadcrumb":{"@id":"https:\/\/landgoedleudal.nl\/de\/service-und-pflege\/#breadcrumb"},"inLanguage":"de","potentialAction":[{"@type":"ReadAction","target":["https:\/\/landgoedleudal.nl\/de\/service-und-pflege\/"]}]},{"@type":"ImageObject","inLanguage":"de","@id":"https:\/\/landgoedleudal.nl\/de\/service-und-pflege\/#primaryimage","url":"https:\/\/landgoedleudal.nl\/wp-content\/uploads\/2024\/06\/Leudal-gebouw-2-35-1024x683.jpg","contentUrl":"https:\/\/landgoedleudal.nl\/wp-content\/uploads\/2024\/06\/Leudal-gebouw-2-35-1024x683.jpg"},{"@type":"BreadcrumbList","@id":"https:\/\/landgoedleudal.nl\/de\/service-und-pflege\/#breadcrumb","itemListElement":[{"@type":"ListItem","position":1,"name":"Home","item":"https:\/\/landgoedleudal.nl\/de\/"},{"@type":"ListItem","position":2,"name":"Pflege"}]},{"@type":"WebSite","@id":"https:\/\/landgoedleudal.nl\/de\/#website","url":"https:\/\/landgoedleudal.nl\/de\/","name":"Landgoed Leudal","description":"Leren en Recre\u00ebren in het groen","potentialAction":[{"@type":"SearchAction","target":{"@type":"EntryPoint","urlTemplate":"https:\/\/landgoedleudal.nl\/de\/?s={search_term_string}"},"query-input":{"@type":"PropertyValueSpecification","valueRequired":true,"valueName":"search_term_string"}}],"inLanguage":"de"}]}},"_links":{"self":[{"href":"https:\/\/landgoedleudal.nl\/de\/wp-json\/wp\/v2\/pages\/4373","targetHints":{"allow":["GET"]}}],"collection":[{"href":"https:\/\/landgoedleudal.nl\/de\/wp-json\/wp\/v2\/pages"}],"about":[{"href":"https:\/\/landgoedleudal.nl\/de\/wp-json\/wp\/v2\/types\/page"}],"author":[{"embeddable":true,"href":"https:\/\/landgoedleudal.nl\/de\/wp-json\/wp\/v2\/users\/6"}],"replies":[{"embeddable":true,"href":"https:\/\/landgoedleudal.nl\/de\/wp-json\/wp\/v2\/comments?post=4373"}],"version-history":[{"count":23,"href":"https:\/\/landgoedleudal.nl\/de\/wp-json\/wp\/v2\/pages\/4373\/revisions"}],"predecessor-version":[{"id":16177,"href":"https:\/\/landgoedleudal.nl\/de\/wp-json\/wp\/v2\/pages\/4373\/revisions\/16177"}],"wp:attachment":[{"href":"https:\/\/landgoedleudal.nl\/de\/wp-json\/wp\/v2\/media?parent=4373"}],"curies":[{"name":"wp","href":"https:\/\/api.w.org\/{rel}","templated":true}]}}