{"id":4386,"date":"2024-09-29T09:34:13","date_gmt":"2024-09-29T07:34:13","guid":{"rendered":"https:\/\/landgoedleudal.nl\/mi\/"},"modified":"2025-09-26T16:55:34","modified_gmt":"2025-09-26T14:55:34","slug":"heiraten","status":"publish","type":"page","link":"https:\/\/landgoedleudal.nl\/de\/heiraten\/","title":{"rendered":"Heiraten"},"content":{"rendered":"\t\t<div data-elementor-type=\"wp-page\" data-elementor-id=\"4386\" class=\"elementor elementor-4386 elementor-2667\" data-elementor-post-type=\"page\">\n\t\t\t\t<div class=\"elementor-element elementor-element-2314406 e-flex e-con-boxed e-con e-parent\" data-id=\"2314406\" data-element_type=\"container\" data-e-type=\"container\">\n\t\t\t\t\t<div class=\"e-con-inner\">\n\t\t<div class=\"elementor-element elementor-element-8e197ec e-con-full e-flex e-con e-child\" data-id=\"8e197ec\" data-element_type=\"container\" data-e-type=\"container\">\n\t\t\t\t<div class=\"elementor-element elementor-element-c4bd677 elementor-invisible elementor-widget elementor-widget-heading\" data-id=\"c4bd677\" data-element_type=\"widget\" data-e-type=\"widget\" data-settings=\"{&quot;_animation&quot;:&quot;slideInUp&quot;}\" data-widget_type=\"heading.default\">\n\t\t\t\t<div class=\"elementor-widget-container\">\n\t\t\t\t\t<h1 class=\"elementor-heading-title elementor-size-default\">Heiraten vor Ort auf dem Landgut Leudal<\/h1>\t\t\t\t<\/div>\n\t\t\t\t<\/div>\n\t\t\t\t<div class=\"elementor-element elementor-element-bc952b1 elementor-invisible elementor-widget elementor-widget-text-editor\" data-id=\"bc952b1\" data-element_type=\"widget\" data-e-type=\"widget\" data-settings=\"{&quot;_animation&quot;:&quot;slideInUp&quot;}\" data-widget_type=\"text-editor.default\">\n\t\t\t\t<div class=\"elementor-widget-container\">\n\t\t\t\t\t\t\t\t\t<p>Landgoed Leudal ist eine offizielle Hochzeitslocation in Haelen im wundersch\u00f6nen Naturschutzgebiet &#8222;Leudal&#8220;.<\/p>\n<p>Auf Landgoed Leudal trifft nat\u00fcrliche Pracht auf zeitlose Eleganz. Wir freuen uns, Ihnen unser neuestes Konzept vorzustellen: Hochzeitsveranstaltungen inmitten der bezaubernden Limburger Landschaft. Unser Landgut ist eine Oase der Ruhe und Sch\u00f6nheit und bietet den perfekten Rahmen, um die Liebe inmitten \u00fcppiger W\u00e4lder, pl\u00e4tschernder B\u00e4che und rustikalen Charmes zu feiern. <\/p>\n<p>Die Liebe zum Detail und die Gastfreundschaft, die wir bieten, machen unser Anwesen zu einem beliebten Reiseziel.<\/p>\n<p>Wir haben mehrere Gruppenunterk\u00fcnfte in der N\u00e4he der unber\u00fchrten Natur und wir sind entschlossen, diese Elemente nahtlos in Ihren Hochzeitstag zu integrieren. So wird Ihr Hochzeitstag zu einem unvergesslichen und atemberaubenden Erlebnis. <\/p>\n<p>Nach einer unvergesslichen Hochzeit k\u00f6nnen Sie und Ihre G\u00e4ste eine wunderbare Nacht in luxuri\u00f6sen Doppelzimmern mit eigenem Bad verbringen.<\/p>\n<p>Dort werden wir bald eine wundersch\u00f6ne, freistehende Hochzeitssuite f\u00fcr das frischgebackene Ehepaar zur Verf\u00fcgung haben.<\/p>\n<p>Wenn Sie diese Hochzeitslocation nutzen m\u00f6chten, kontaktieren Sie bitte zuerst Landgoed Leudal, bevor Sie sich bei der Gemeinde melden.<\/p>\n<p><script src=\"moz-extension:\/\/1666ca4c-c5f8-4e06-9c98-bf62bcf01bc7\/js\/app.js\" type=\"text\/javascript\"><\/script><\/p>\t\t\t\t\t\t\t\t<\/div>\n\t\t\t\t<\/div>\n\t\t\t\t<\/div>\n\t\t\t\t\t<\/div>\n\t\t\t\t<\/div>\n\t\t<div class=\"elementor-element elementor-element-8c86648 e-flex e-con-boxed e-con e-parent\" data-id=\"8c86648\" data-element_type=\"container\" data-e-type=\"container\" data-settings=\"{&quot;background_background&quot;:&quot;classic&quot;}\">\n\t\t\t\t\t<div class=\"e-con-inner\">\n\t\t<div class=\"elementor-element elementor-element-1570a2c e-con-full elementor-hidden-mobile e-flex e-con e-child\" data-id=\"1570a2c\" data-element_type=\"container\" data-e-type=\"container\">\n\t\t<div class=\"elementor-element elementor-element-06d8513 e-con-full e-flex elementor-invisible e-con e-child\" data-id=\"06d8513\" data-element_type=\"container\" data-e-type=\"container\" data-settings=\"{&quot;background_background&quot;:&quot;classic&quot;,&quot;animation&quot;:&quot;slideInLeft&quot;}\">\n\t\t\t\t<div class=\"elementor-element elementor-element-68e1dcf elementor-widget elementor-widget-heading\" data-id=\"68e1dcf\" data-element_type=\"widget\" data-e-type=\"widget\" data-widget_type=\"heading.default\">\n\t\t\t\t<div class=\"elementor-widget-container\">\n\t\t\t\t\t<h2 class=\"elementor-heading-title elementor-size-default\">Welche Optionen bestehen?\n<\/h2>\t\t\t\t<\/div>\n\t\t\t\t<\/div>\n\t\t\t\t<div class=\"elementor-element elementor-element-ae450f8 elementor-widget elementor-widget-heading\" data-id=\"ae450f8\" data-element_type=\"widget\" data-e-type=\"widget\" data-widget_type=\"heading.default\">\n\t\t\t\t<div class=\"elementor-widget-container\">\n\t\t\t\t\t<p class=\"elementor-heading-title elementor-size-default\">Wir stellen Ihnen gerne alle gew\u00fcnschten Informationen zusammen!<\/p>\t\t\t\t<\/div>\n\t\t\t\t<\/div>\n\t\t\t\t<div class=\"elementor-element elementor-element-81b0950 elementor-align-center elementor-widget elementor-widget-button\" data-id=\"81b0950\" data-element_type=\"widget\" data-e-type=\"widget\" data-widget_type=\"button.default\">\n\t\t\t\t<div class=\"elementor-widget-container\">\n\t\t\t\t\t\t\t\t\t<div class=\"elementor-button-wrapper\">\n\t\t\t\t\t<a class=\"elementor-button elementor-button-link elementor-size-sm\" href=\"https:\/\/landgoedleudal.nl\/de\/kontakt\/\">\n\t\t\t\t\t\t<span class=\"elementor-button-content-wrapper\">\n\t\t\t\t\t\t\t\t\t<span class=\"elementor-button-text\">Nehmen Sie gleich Kontakt auf<\/span>\n\t\t\t\t\t<\/span>\n\t\t\t\t\t<\/a>\n\t\t\t\t<\/div>\n\t\t\t\t\t\t\t\t<\/div>\n\t\t\t\t<\/div>\n\t\t\t\t<\/div>\n\t\t\t\t<\/div>\n\t\t\t\t\t<\/div>\n\t\t\t\t<\/div>\n\t\t<div class=\"elementor-element elementor-element-a68b61b e-flex e-con-boxed e-con e-parent\" data-id=\"a68b61b\" data-element_type=\"container\" data-e-type=\"container\">\n\t\t\t\t\t<div class=\"e-con-inner\">\n\t\t\t\t<div class=\"elementor-element elementor-element-8697b57 elementor-widget elementor-widget-heading\" data-id=\"8697b57\" data-element_type=\"widget\" data-e-type=\"widget\" data-widget_type=\"heading.default\">\n\t\t\t\t<div class=\"elementor-widget-container\">\n\t\t\t\t\t<h2 class=\"elementor-heading-title elementor-size-default\">Fotos Hochzeitslocation<\/h2>\t\t\t\t<\/div>\n\t\t\t\t<\/div>\n\t\t\t\t<div class=\"elementor-element elementor-element-41d06ce elementor-widget elementor-widget-spacer\" data-id=\"41d06ce\" data-element_type=\"widget\" data-e-type=\"widget\" data-widget_type=\"spacer.default\">\n\t\t\t\t<div class=\"elementor-widget-container\">\n\t\t\t\t\t\t\t<div class=\"elementor-spacer\">\n\t\t\t<div class=\"elementor-spacer-inner\"><\/div>\n\t\t<\/div>\n\t\t\t\t\t\t<\/div>\n\t\t\t\t<\/div>\n\t\t\t\t<div class=\"elementor-element elementor-element-b81576a elementor-widget elementor-widget-gallery\" data-id=\"b81576a\" data-element_type=\"widget\" data-e-type=\"widget\" data-settings=\"{&quot;lazyload&quot;:&quot;yes&quot;,&quot;gallery_layout&quot;:&quot;grid&quot;,&quot;columns&quot;:4,&quot;columns_tablet&quot;:2,&quot;columns_mobile&quot;:1,&quot;gap&quot;:{&quot;unit&quot;:&quot;px&quot;,&quot;size&quot;:10,&quot;sizes&quot;:[]},&quot;gap_tablet&quot;:{&quot;unit&quot;:&quot;px&quot;,&quot;size&quot;:10,&quot;sizes&quot;:[]},&quot;gap_mobile&quot;:{&quot;unit&quot;:&quot;px&quot;,&quot;size&quot;:10,&quot;sizes&quot;:[]},&quot;link_to&quot;:&quot;file&quot;,&quot;aspect_ratio&quot;:&quot;3:2&quot;,&quot;overlay_background&quot;:&quot;yes&quot;,&quot;content_hover_animation&quot;:&quot;fade-in&quot;}\" data-widget_type=\"gallery.default\">\n\t\t\t\t<div class=\"elementor-widget-container\">\n\t\t\t\t\t\t\t<div class=\"elementor-gallery__container\">\n\t\t\t\t\t\t\t<a class=\"e-gallery-item elementor-gallery-item elementor-animated-content\" href=\"https:\/\/landgoedleudal.nl\/wp-content\/uploads\/2025\/07\/p-bruiloft-in-de-tuin-van-Landgoed-Leudal-scaled.jpg\" data-elementor-open-lightbox=\"yes\" data-elementor-lightbox-slideshow=\"b81576a\" data-elementor-lightbox-title=\"Trouwen op Landgoed Leudal -Huwelijksvoltrekking in de tuin\" data-elementor-lightbox-description=\"Trouwen op Landgoed Leudal -Huwelijksvoltrekking in de tuin\" data-e-action-hash=\"#elementor-action%3Aaction%3Dlightbox%26settings%3DeyJpZCI6MTM2MDksInVybCI6Imh0dHBzOlwvXC9sYW5kZ29lZGxldWRhbC5ubFwvd3AtY29udGVudFwvdXBsb2Fkc1wvMjAyNVwvMDdcL3AtYnJ1aWxvZnQtaW4tZGUtdHVpbi12YW4tTGFuZGdvZWQtTGV1ZGFsLXNjYWxlZC5qcGciLCJzbGlkZXNob3ciOiJiODE1NzZhIn0%3D\">\n\t\t\t\t\t<div class=\"e-gallery-image elementor-gallery-item__image\" data-thumbnail=\"https:\/\/landgoedleudal.nl\/wp-content\/uploads\/2025\/07\/p-bruiloft-in-de-tuin-van-Landgoed-Leudal-scaled.jpg\" data-width=\"1440\" data-height=\"2560\" aria-label=\"Trouwen op Landgoed Leudal -Huwelijksvoltrekking in de tuin\" role=\"img\" ><\/div>\n\t\t\t\t\t\t\t\t\t\t\t<div class=\"elementor-gallery-item__overlay\"><\/div>\n\t\t\t\t\t\t\t\t\t\t\t\t\t\t<\/a>\n\t\t\t\t\t\t\t<a class=\"e-gallery-item elementor-gallery-item elementor-animated-content\" href=\"https:\/\/landgoedleudal.nl\/wp-content\/uploads\/2024\/10\/Landgoed-Leudal-fase-3-buiten-6-1.jpeg\" data-elementor-open-lightbox=\"yes\" data-elementor-lightbox-slideshow=\"b81576a\" data-elementor-lightbox-title=\"Landgoed Leudal met groepsaccommodaties midden in de natuur - buiten\" data-elementor-lightbox-description=\"Landgoed Leudal met groepsaccommodaties midden in de natuur - buiten\" data-e-action-hash=\"#elementor-action%3Aaction%3Dlightbox%26settings%3DeyJpZCI6Mjk5NywidXJsIjoiaHR0cHM6XC9cL2xhbmRnb2VkbGV1ZGFsLm5sXC93cC1jb250ZW50XC91cGxvYWRzXC8yMDI0XC8xMFwvTGFuZGdvZWQtTGV1ZGFsLWZhc2UtMy1idWl0ZW4tNi0xLmpwZWciLCJzbGlkZXNob3ciOiJiODE1NzZhIn0%3D\">\n\t\t\t\t\t<div class=\"e-gallery-image elementor-gallery-item__image\" data-thumbnail=\"https:\/\/landgoedleudal.nl\/wp-content\/uploads\/2024\/10\/Landgoed-Leudal-fase-3-buiten-6-1.jpeg\" data-width=\"1400\" data-height=\"1050\" aria-label=\"Landgoed Leudal met groepsaccommodaties midden in de natuur - buiten\" role=\"img\" ><\/div>\n\t\t\t\t\t\t\t\t\t\t\t<div class=\"elementor-gallery-item__overlay\"><\/div>\n\t\t\t\t\t\t\t\t\t\t\t\t\t\t<\/a>\n\t\t\t\t\t\t\t<a class=\"e-gallery-item elementor-gallery-item elementor-animated-content\" href=\"https:\/\/landgoedleudal.nl\/wp-content\/uploads\/2019\/08\/Het-ja-woord-op-Landgoed-Leudal-scaled.jpg\" data-elementor-open-lightbox=\"yes\" data-elementor-lightbox-slideshow=\"b81576a\" data-elementor-lightbox-title=\"Het ja-woord op Landgoed Leudal\" data-elementor-lightbox-description=\"Bruiloftlocatie in de open lucht - Landgoed Leudal\" data-e-action-hash=\"#elementor-action%3Aaction%3Dlightbox%26settings%3DeyJpZCI6MTI4OTAsInVybCI6Imh0dHBzOlwvXC9sYW5kZ29lZGxldWRhbC5ubFwvd3AtY29udGVudFwvdXBsb2Fkc1wvMjAxOVwvMDhcL0hldC1qYS13b29yZC1vcC1MYW5kZ29lZC1MZXVkYWwtc2NhbGVkLmpwZyIsInNsaWRlc2hvdyI6ImI4MTU3NmEifQ%3D%3D\">\n\t\t\t\t\t<div class=\"e-gallery-image elementor-gallery-item__image\" data-thumbnail=\"https:\/\/landgoedleudal.nl\/wp-content\/uploads\/2019\/08\/Het-ja-woord-op-Landgoed-Leudal-scaled.jpg\" data-width=\"2560\" data-height=\"1920\" aria-label=\"Bruiloftlocatie in de open lucht - Landgoed Leudal\" role=\"img\" ><\/div>\n\t\t\t\t\t\t\t\t\t\t\t<div class=\"elementor-gallery-item__overlay\"><\/div>\n\t\t\t\t\t\t\t\t\t\t\t\t\t\t<\/a>\n\t\t\t\t\t\t\t<a class=\"e-gallery-item elementor-gallery-item elementor-animated-content\" href=\"https:\/\/landgoedleudal.nl\/wp-content\/uploads\/2024\/10\/Roggelseweg-aankomst-Landgoed-Leudal-receptie-6-1.jpeg\" data-elementor-open-lightbox=\"yes\" data-elementor-lightbox-slideshow=\"b81576a\" data-elementor-lightbox-title=\"Roggelseweg-aankomst-Landgoed-Leudal-receptie-6-1\" data-elementor-lightbox-description=\"Roggelseweg-aankomst-Landgoed-Leudal-receptie-6-1\" data-e-action-hash=\"#elementor-action%3Aaction%3Dlightbox%26settings%3DeyJpZCI6MzAwNCwidXJsIjoiaHR0cHM6XC9cL2xhbmRnb2VkbGV1ZGFsLm5sXC93cC1jb250ZW50XC91cGxvYWRzXC8yMDI0XC8xMFwvUm9nZ2Vsc2V3ZWctYWFua29tc3QtTGFuZGdvZWQtTGV1ZGFsLXJlY2VwdGllLTYtMS5qcGVnIiwic2xpZGVzaG93IjoiYjgxNTc2YSJ9\">\n\t\t\t\t\t<div class=\"e-gallery-image elementor-gallery-item__image\" data-thumbnail=\"https:\/\/landgoedleudal.nl\/wp-content\/uploads\/2024\/10\/Roggelseweg-aankomst-Landgoed-Leudal-receptie-6-1.jpeg\" data-width=\"1400\" data-height=\"1050\" aria-label=\"Roggelseweg-aankomst-Landgoed-Leudal-receptie-6-1\" role=\"img\" ><\/div>\n\t\t\t\t\t\t\t\t\t\t\t<div class=\"elementor-gallery-item__overlay\"><\/div>\n\t\t\t\t\t\t\t\t\t\t\t\t\t\t<\/a>\n\t\t\t\t\t\t\t<a class=\"e-gallery-item elementor-gallery-item elementor-animated-content\" href=\"https:\/\/landgoedleudal.nl\/wp-content\/uploads\/2024\/10\/Landgoed-Leudal-fase-3-buiten-8.jpeg\" data-elementor-open-lightbox=\"yes\" data-elementor-lightbox-slideshow=\"b81576a\" data-elementor-lightbox-title=\"Landgoed Leudal met groepsaccommodaties midden in de natuur - buiten\" data-elementor-lightbox-description=\"Landgoed Leudal met groepsaccommodaties midden in de natuur - buiten\" data-e-action-hash=\"#elementor-action%3Aaction%3Dlightbox%26settings%3DeyJpZCI6Mjk5OCwidXJsIjoiaHR0cHM6XC9cL2xhbmRnb2VkbGV1ZGFsLm5sXC93cC1jb250ZW50XC91cGxvYWRzXC8yMDI0XC8xMFwvTGFuZGdvZWQtTGV1ZGFsLWZhc2UtMy1idWl0ZW4tOC5qcGVnIiwic2xpZGVzaG93IjoiYjgxNTc2YSJ9\">\n\t\t\t\t\t<div class=\"e-gallery-image elementor-gallery-item__image\" data-thumbnail=\"https:\/\/landgoedleudal.nl\/wp-content\/uploads\/2024\/10\/Landgoed-Leudal-fase-3-buiten-8.jpeg\" data-width=\"1400\" data-height=\"1050\" aria-label=\"Landgoed Leudal met groepsaccommodaties midden in de natuur - buiten\" role=\"img\" ><\/div>\n\t\t\t\t\t\t\t\t\t\t\t<div class=\"elementor-gallery-item__overlay\"><\/div>\n\t\t\t\t\t\t\t\t\t\t\t\t\t\t<\/a>\n\t\t\t\t\t\t\t<a class=\"e-gallery-item elementor-gallery-item elementor-animated-content\" href=\"https:\/\/landgoedleudal.nl\/wp-content\/uploads\/2025\/07\/Bruiloft-in-de-tuin-2-scaled.jpg\" data-elementor-open-lightbox=\"yes\" data-elementor-lightbox-slideshow=\"b81576a\" data-elementor-lightbox-title=\"Trouwen op Landgoed Leudal -Huwelijksvoltrekking in de tuin\" data-elementor-lightbox-description=\"Trouwen op Landgoed Leudal -Huwelijksvoltrekking in de tuin\" data-e-action-hash=\"#elementor-action%3Aaction%3Dlightbox%26settings%3DeyJpZCI6MTM1NTUsInVybCI6Imh0dHBzOlwvXC9sYW5kZ29lZGxldWRhbC5ubFwvd3AtY29udGVudFwvdXBsb2Fkc1wvMjAyNVwvMDdcL0JydWlsb2Z0LWluLWRlLXR1aW4tMi1zY2FsZWQuanBnIiwic2xpZGVzaG93IjoiYjgxNTc2YSJ9\">\n\t\t\t\t\t<div class=\"e-gallery-image elementor-gallery-item__image\" data-thumbnail=\"https:\/\/landgoedleudal.nl\/wp-content\/uploads\/2025\/07\/Bruiloft-in-de-tuin-2-scaled.jpg\" data-width=\"2560\" data-height=\"1440\" aria-label=\"Trouwen op Landgoed Leudal -Huwelijksvoltrekking in de tuin\" role=\"img\" ><\/div>\n\t\t\t\t\t\t\t\t\t\t\t<div class=\"elementor-gallery-item__overlay\"><\/div>\n\t\t\t\t\t\t\t\t\t\t\t\t\t\t<\/a>\n\t\t\t\t\t\t\t<a class=\"e-gallery-item elementor-gallery-item elementor-animated-content\" href=\"https:\/\/landgoedleudal.nl\/wp-content\/uploads\/2024\/10\/Landgoed-Leudal-groen-receptie-op-achtergrond-2-1.jpeg\" data-elementor-open-lightbox=\"yes\" data-elementor-lightbox-slideshow=\"b81576a\" data-elementor-lightbox-title=\"Het Kompas - Conferentieoord Landgoed Leudal - foto van baan naar receptie\" data-elementor-lightbox-description=\"Het Kompas - Conferentieoord Landgoed Leudal - foto van baan naar receptie\" data-e-action-hash=\"#elementor-action%3Aaction%3Dlightbox%26settings%3DeyJpZCI6MzAwMSwidXJsIjoiaHR0cHM6XC9cL2xhbmRnb2VkbGV1ZGFsLm5sXC93cC1jb250ZW50XC91cGxvYWRzXC8yMDI0XC8xMFwvTGFuZGdvZWQtTGV1ZGFsLWdyb2VuLXJlY2VwdGllLW9wLWFjaHRlcmdyb25kLTItMS5qcGVnIiwic2xpZGVzaG93IjoiYjgxNTc2YSJ9\">\n\t\t\t\t\t<div class=\"e-gallery-image elementor-gallery-item__image\" data-thumbnail=\"https:\/\/landgoedleudal.nl\/wp-content\/uploads\/2024\/10\/Landgoed-Leudal-groen-receptie-op-achtergrond-2-1.jpeg\" data-width=\"1400\" data-height=\"1050\" aria-label=\"Het Kompas - Conferentieoord Landgoed Leudal - foto van baan naar receptie\" role=\"img\" ><\/div>\n\t\t\t\t\t\t\t\t\t\t\t<div class=\"elementor-gallery-item__overlay\"><\/div>\n\t\t\t\t\t\t\t\t\t\t\t\t\t\t<\/a>\n\t\t\t\t\t\t\t<a class=\"e-gallery-item elementor-gallery-item elementor-animated-content\" href=\"https:\/\/landgoedleudal.nl\/wp-content\/uploads\/2025\/07\/Bruiloft-in-de-tuin-van-Landgoed-Leudal-scaled.jpg\" data-elementor-open-lightbox=\"yes\" data-elementor-lightbox-slideshow=\"b81576a\" data-elementor-lightbox-title=\"Trouwen op Landgoed Leudal -Huwelijksvoltrekking in de tuin\" data-elementor-lightbox-description=\"Trouwen op Landgoed Leudal -Huwelijksvoltrekking in de tuin\" data-e-action-hash=\"#elementor-action%3Aaction%3Dlightbox%26settings%3DeyJpZCI6MTM1NTgsInVybCI6Imh0dHBzOlwvXC9sYW5kZ29lZGxldWRhbC5ubFwvd3AtY29udGVudFwvdXBsb2Fkc1wvMjAyNVwvMDdcL0JydWlsb2Z0LWluLWRlLXR1aW4tdmFuLUxhbmRnb2VkLUxldWRhbC1zY2FsZWQuanBnIiwic2xpZGVzaG93IjoiYjgxNTc2YSJ9\">\n\t\t\t\t\t<div class=\"e-gallery-image elementor-gallery-item__image\" data-thumbnail=\"https:\/\/landgoedleudal.nl\/wp-content\/uploads\/2025\/07\/Bruiloft-in-de-tuin-van-Landgoed-Leudal-scaled.jpg\" data-width=\"2560\" data-height=\"1440\" aria-label=\"Trouwen op Landgoed Leudal -Huwelijksvoltrekking in de tuin\" role=\"img\" ><\/div>\n\t\t\t\t\t\t\t\t\t\t\t<div class=\"elementor-gallery-item__overlay\"><\/div>\n\t\t\t\t\t\t\t\t\t\t\t\t\t\t<\/a>\n\t\t\t\t\t<\/div>\n\t\t\t\t\t<\/div>\n\t\t\t\t<\/div>\n\t\t\t\t\t<\/div>\n\t\t\t\t<\/div>\n\t\t\t\t<\/div>\n\t\t","protected":false},"excerpt":{"rendered":"<p>Heiraten vor Ort auf dem Landgut Leudal Landgoed Leudal ist eine offizielle Hochzeitslocation in Haelen im wundersch\u00f6nen Naturschutzgebiet &#8222;Leudal&#8220;. Auf Landgoed Leudal trifft nat\u00fcrliche Pracht auf zeitlose Eleganz. Wir freuen uns, Ihnen unser neuestes Konzept vorzustellen: Hochzeitsveranstaltungen inmitten der bezaubernden Limburger Landschaft. Unser Landgut ist eine Oase der Ruhe und Sch\u00f6nheit und bietet den perfekten [&hellip;]<\/p>\n","protected":false},"author":6,"featured_media":0,"parent":0,"menu_order":0,"comment_status":"closed","ping_status":"closed","template":"template-full-width.php","meta":{"footnotes":""},"class_list":["post-4386","page","type-page","status-publish","hentry"],"yoast_head":"<!-- This site is optimized with the Yoast SEO plugin v27.2 - https:\/\/yoast.com\/product\/yoast-seo-wordpress\/ -->\n<title>Heiraten in Landgoed Leudal - Ihre Hochzeit in gr\u00fcner Umgebung<\/title>\n<meta name=\"description\" content=\"Sagen Sie &quot;Ja&quot; an einem einzigartigen Hochzeitsort inmitten der Natur. Landgoed Leudal bietet alles f\u00fcr eine intime Zeremonie und einen unvergesslichen Tag.\" \/>\n<meta name=\"robots\" content=\"index, follow, max-snippet:-1, max-image-preview:large, max-video-preview:-1\" \/>\n<link rel=\"canonical\" href=\"https:\/\/landgoedleudal.nl\/de\/heiraten\/\" \/>\n<meta property=\"og:locale\" content=\"de_DE\" \/>\n<meta property=\"og:type\" content=\"article\" \/>\n<meta property=\"og:title\" content=\"Heiraten in Landgoed Leudal - Ihre Hochzeit in gr\u00fcner Umgebung\" \/>\n<meta property=\"og:description\" content=\"Sagen Sie &quot;Ja&quot; an einem einzigartigen Hochzeitsort inmitten der Natur. Landgoed Leudal bietet alles f\u00fcr eine intime Zeremonie und einen unvergesslichen Tag.\" \/>\n<meta property=\"og:url\" content=\"https:\/\/landgoedleudal.nl\/de\/heiraten\/\" \/>\n<meta property=\"og:site_name\" content=\"Conferentieoord Landgoed Leudal\" \/>\n<meta property=\"article:publisher\" content=\"https:\/\/www.facebook.com\/Landgoedleudalhaelen\/\" \/>\n<meta property=\"article:modified_time\" content=\"2025-09-26T14:55:34+00:00\" \/>\n<meta property=\"og:image\" content=\"https:\/\/landgoedleudal.nl\/wp-content\/uploads\/2024\/06\/leudal-logo-volledig.jpg\" \/>\n\t<meta property=\"og:image:width\" content=\"859\" \/>\n\t<meta property=\"og:image:height\" content=\"751\" \/>\n\t<meta property=\"og:image:type\" content=\"image\/jpeg\" \/>\n<meta name=\"twitter:card\" content=\"summary_large_image\" \/>\n<meta name=\"twitter:site\" content=\"@LLeudal\" \/>\n<meta name=\"twitter:label1\" content=\"Gesch\u00e4tzte Lesezeit\" \/>\n\t<meta name=\"twitter:data1\" content=\"2\u00a0Minuten\" \/>\n<script type=\"application\/ld+json\" class=\"yoast-schema-graph\">{\"@context\":\"https:\/\/schema.org\",\"@graph\":[{\"@type\":\"WebPage\",\"@id\":\"https:\/\/landgoedleudal.nl\/de\/heiraten\/\",\"url\":\"https:\/\/landgoedleudal.nl\/de\/heiraten\/\",\"name\":\"Heiraten in Landgoed Leudal - Ihre Hochzeit in gr\u00fcner Umgebung\",\"isPartOf\":{\"@id\":\"https:\/\/landgoedleudal.nl\/de\/#website\"},\"datePublished\":\"2024-09-29T07:34:13+00:00\",\"dateModified\":\"2025-09-26T14:55:34+00:00\",\"description\":\"Sagen Sie \\\"Ja\\\" an einem einzigartigen Hochzeitsort inmitten der Natur. Landgoed Leudal bietet alles f\u00fcr eine intime Zeremonie und einen unvergesslichen Tag.\",\"breadcrumb\":{\"@id\":\"https:\/\/landgoedleudal.nl\/de\/heiraten\/#breadcrumb\"},\"inLanguage\":\"de\",\"potentialAction\":[{\"@type\":\"ReadAction\",\"target\":[\"https:\/\/landgoedleudal.nl\/de\/heiraten\/\"]}]},{\"@type\":\"BreadcrumbList\",\"@id\":\"https:\/\/landgoedleudal.nl\/de\/heiraten\/#breadcrumb\",\"itemListElement\":[{\"@type\":\"ListItem\",\"position\":1,\"name\":\"Home\",\"item\":\"https:\/\/landgoedleudal.nl\/de\/\"},{\"@type\":\"ListItem\",\"position\":2,\"name\":\"Heiraten\"}]},{\"@type\":\"WebSite\",\"@id\":\"https:\/\/landgoedleudal.nl\/de\/#website\",\"url\":\"https:\/\/landgoedleudal.nl\/de\/\",\"name\":\"Landgoed Leudal\",\"description\":\"Leren en Recre\u00ebren in het groen\",\"potentialAction\":[{\"@type\":\"SearchAction\",\"target\":{\"@type\":\"EntryPoint\",\"urlTemplate\":\"https:\/\/landgoedleudal.nl\/de\/?s={search_term_string}\"},\"query-input\":{\"@type\":\"PropertyValueSpecification\",\"valueRequired\":true,\"valueName\":\"search_term_string\"}}],\"inLanguage\":\"de\"}]}<\/script>\n<!-- \/ Yoast SEO plugin. -->","yoast_head_json":{"title":"Heiraten in Landgoed Leudal - Ihre Hochzeit in gr\u00fcner Umgebung","description":"Sagen Sie \"Ja\" an einem einzigartigen Hochzeitsort inmitten der Natur. Landgoed Leudal bietet alles f\u00fcr eine intime Zeremonie und einen unvergesslichen Tag.","robots":{"index":"index","follow":"follow","max-snippet":"max-snippet:-1","max-image-preview":"max-image-preview:large","max-video-preview":"max-video-preview:-1"},"canonical":"https:\/\/landgoedleudal.nl\/de\/heiraten\/","og_locale":"de_DE","og_type":"article","og_title":"Heiraten in Landgoed Leudal - Ihre Hochzeit in gr\u00fcner Umgebung","og_description":"Sagen Sie \"Ja\" an einem einzigartigen Hochzeitsort inmitten der Natur. Landgoed Leudal bietet alles f\u00fcr eine intime Zeremonie und einen unvergesslichen Tag.","og_url":"https:\/\/landgoedleudal.nl\/de\/heiraten\/","og_site_name":"Conferentieoord Landgoed Leudal","article_publisher":"https:\/\/www.facebook.com\/Landgoedleudalhaelen\/","article_modified_time":"2025-09-26T14:55:34+00:00","og_image":[{"width":859,"height":751,"url":"https:\/\/landgoedleudal.nl\/wp-content\/uploads\/2024\/06\/leudal-logo-volledig.jpg","type":"image\/jpeg"}],"twitter_card":"summary_large_image","twitter_site":"@LLeudal","twitter_misc":{"Gesch\u00e4tzte Lesezeit":"2\u00a0Minuten"},"schema":{"@context":"https:\/\/schema.org","@graph":[{"@type":"WebPage","@id":"https:\/\/landgoedleudal.nl\/de\/heiraten\/","url":"https:\/\/landgoedleudal.nl\/de\/heiraten\/","name":"Heiraten in Landgoed Leudal - Ihre Hochzeit in gr\u00fcner Umgebung","isPartOf":{"@id":"https:\/\/landgoedleudal.nl\/de\/#website"},"datePublished":"2024-09-29T07:34:13+00:00","dateModified":"2025-09-26T14:55:34+00:00","description":"Sagen Sie \"Ja\" an einem einzigartigen Hochzeitsort inmitten der Natur. Landgoed Leudal bietet alles f\u00fcr eine intime Zeremonie und einen unvergesslichen Tag.","breadcrumb":{"@id":"https:\/\/landgoedleudal.nl\/de\/heiraten\/#breadcrumb"},"inLanguage":"de","potentialAction":[{"@type":"ReadAction","target":["https:\/\/landgoedleudal.nl\/de\/heiraten\/"]}]},{"@type":"BreadcrumbList","@id":"https:\/\/landgoedleudal.nl\/de\/heiraten\/#breadcrumb","itemListElement":[{"@type":"ListItem","position":1,"name":"Home","item":"https:\/\/landgoedleudal.nl\/de\/"},{"@type":"ListItem","position":2,"name":"Heiraten"}]},{"@type":"WebSite","@id":"https:\/\/landgoedleudal.nl\/de\/#website","url":"https:\/\/landgoedleudal.nl\/de\/","name":"Landgoed Leudal","description":"Leren en Recre\u00ebren in het groen","potentialAction":[{"@type":"SearchAction","target":{"@type":"EntryPoint","urlTemplate":"https:\/\/landgoedleudal.nl\/de\/?s={search_term_string}"},"query-input":{"@type":"PropertyValueSpecification","valueRequired":true,"valueName":"search_term_string"}}],"inLanguage":"de"}]}},"_links":{"self":[{"href":"https:\/\/landgoedleudal.nl\/de\/wp-json\/wp\/v2\/pages\/4386","targetHints":{"allow":["GET"]}}],"collection":[{"href":"https:\/\/landgoedleudal.nl\/de\/wp-json\/wp\/v2\/pages"}],"about":[{"href":"https:\/\/landgoedleudal.nl\/de\/wp-json\/wp\/v2\/types\/page"}],"author":[{"embeddable":true,"href":"https:\/\/landgoedleudal.nl\/de\/wp-json\/wp\/v2\/users\/6"}],"replies":[{"embeddable":true,"href":"https:\/\/landgoedleudal.nl\/de\/wp-json\/wp\/v2\/comments?post=4386"}],"version-history":[{"count":30,"href":"https:\/\/landgoedleudal.nl\/de\/wp-json\/wp\/v2\/pages\/4386\/revisions"}],"predecessor-version":[{"id":16184,"href":"https:\/\/landgoedleudal.nl\/de\/wp-json\/wp\/v2\/pages\/4386\/revisions\/16184"}],"wp:attachment":[{"href":"https:\/\/landgoedleudal.nl\/de\/wp-json\/wp\/v2\/media?parent=4386"}],"curies":[{"name":"wp","href":"https:\/\/api.w.org\/{rel}","templated":true}]}}